{"id":13,"date":"2023-04-05T13:02:41","date_gmt":"2023-04-05T13:02:41","guid":{"rendered":"https:\/\/cube.ba\/?page_id=13"},"modified":"2023-04-05T16:39:18","modified_gmt":"2023-04-05T16:39:18","slug":"home","status":"publish","type":"page","link":"https:\/\/cube.ba\/index.php\/home\/","title":{"rendered":"Home"},"content":{"rendered":"\n<h1 class=\"wp-block-heading has-x-large-font-size\"><strong>Cube Consulting d.o.o<\/strong><\/h1>\n\n\n\n<p class=\"has-text-align-left has-black-color has-text-color\">Dugogodi\u0161nji predani rad sa razli\u010ditim proizvodnim i uslu\u017enim kompanijama nas je profilirao u nekoliko specifi\u010dnih oblasti.<\/p>\n\n\n\n<hr class=\"wp-block-separator has-alpha-channel-opacity\"\/>\n\n\n\n<div class=\"wp-block-columns has-x-large-font-size is-layout-flex wp-container-core-columns-is-layout-28f84493 wp-block-columns-is-layout-flex\">\n<div class=\"wp-block-column is-layout-flow wp-block-column-is-layout-flow\"><p><i class=\"fa-solid fa-computer\"><\/i><\/p>\n<\/div>\n\n\n\n<div class=\"wp-block-column is-layout-flow wp-block-column-is-layout-flow\"><p><i class=\"fa-solid fa-gears\"><\/i><\/p>\n<\/div>\n\n\n\n<div class=\"wp-block-column is-layout-flow wp-block-column-is-layout-flow\"><p><i class=\"fa-solid fa-mobile\"><\/i><\/p>\n<\/div>\n<\/div>\n\n\n\n<div class=\"wp-block-columns is-layout-flex wp-container-core-columns-is-layout-28f84493 wp-block-columns-is-layout-flex\">\n<div class=\"wp-block-column is-layout-flow wp-block-column-is-layout-flow\">\n<p>Dobro poznavanje materije te stalno usavr\u0161avanje u oblasti ra\u010dunovodstva i finansija omogu\u0107avaju nam da na pravi na\u010din razumijemo probleme na\u0161ih klijenata. Nekoliko specifi\u010dnih preduze\u0107a u oblasti proizvodnih djelatnosti kojima vr\u0161imo usluge poslovnog konsultovanja, vo\u0111enja ra\u010dunovodstva i finansija najbolja su praksa za nas u realnom poslovnom okru\u017eenju.<\/p>\n<\/div>\n\n\n\n<div class=\"wp-block-column is-layout-flow wp-block-column-is-layout-flow\">\n<p>Prava poslovna odluka presudna je za efikasno poslovanje u dinami\u010dnom tr\u017ei\u0161tu, kao \u0161to je dana\u0161nje poslovno okru\u017eenje. Na\u0161i savjeti i usluge pri izradi poslovnih planova, benchmarkinga, poslovnoj edukaciji, ispitivanju tr\u017ei\u0161ta i izradi razli\u010ditih tr\u017ei\u0161nih i drugih socio-ekonomskih analiza te savjeti pri pripremanju projekata za financiranje iz Fondova EU garant su da \u0107e va\u0161e poslovanje dosti\u0107i jedan novi nivo.<\/p>\n<\/div>\n\n\n\n<div class=\"wp-block-column is-layout-flow wp-block-column-is-layout-flow\">\n<p>Obuhvataju\u0107i primjenjeno znanje iz poslovnog i ra\u010dunovodstvenog okru\u017eenja, razvili smo specifi\u010dnu uslugu uvo\u0111enja informacionih sistema unutar preduze\u0107a koji \u0107e unaprijediti va\u0161e poslovanje i dovesti ga na jedan potpuno novi nivo. Matrica d.o.o. je ovla\u0161teni zastupnik u implementaciji, prodaji i edukaciji \u201ePantheon\u201c informacionog sistema koji omogu\u0107ava prikupljanje, pohranjivanje, obra\u0111ivanje i isporuku potrebnih informacija pri dono\u0161enju poslovnih odluka.<\/p>\n<\/div>\n<\/div>\n","protected":false},"excerpt":{"rendered":"<p>Cube Consulting d.o.o Dugogodi\u0161nji predani rad sa razli\u010ditim proizvodnim i uslu\u017enim kompanijama nas je profilirao u nekoliko specifi\u010dnih oblasti. Dobro poznavanje materije te stalno usavr\u0161avanje u oblasti ra\u010dunovodstva i finansija omogu\u0107avaju nam da na pravi na\u010din razumijemo probleme na\u0161ih klijenata. Nekoliko specifi\u010dnih preduze\u0107a u oblasti proizvodnih djelatnosti kojima vr\u0161imo usluge poslovnog konsultovanja, vo\u0111enja ra\u010dunovodstva i finansija najbolja su praksa za nas u realnom poslovnom okru\u017eenju. Prava poslovna odluka presudna je za efikasno poslovanje u dinami\u010dnom tr\u017ei\u0161tu, kao \u0161to je dana\u0161nje poslovno okru\u017eenje. Na\u0161i savjeti i usluge pri izradi poslovnih planova, benchmarkinga, poslovnoj edukaciji, ispitivanju tr\u017ei\u0161ta i izradi razli\u010ditih tr\u017ei\u0161nih i<\/p>\n","protected":false},"author":1,"featured_media":0,"parent":0,"menu_order":0,"comment_status":"closed","ping_status":"closed","template":"","meta":{"footnotes":""},"class_list":["post-13","page","type-page","status-publish","hentry"],"_links":{"self":[{"href":"https:\/\/cube.ba\/index.php\/wp-json\/wp\/v2\/pages\/13","targetHints":{"allow":["GET"]}}],"collection":[{"href":"https:\/\/cube.ba\/index.php\/wp-json\/wp\/v2\/pages"}],"about":[{"href":"https:\/\/cube.ba\/index.php\/wp-json\/wp\/v2\/types\/page"}],"author":[{"embeddable":true,"href":"https:\/\/cube.ba\/index.php\/wp-json\/wp\/v2\/users\/1"}],"replies":[{"embeddable":true,"href":"https:\/\/cube.ba\/index.php\/wp-json\/wp\/v2\/comments?post=13"}],"version-history":[{"count":12,"href":"https:\/\/cube.ba\/index.php\/wp-json\/wp\/v2\/pages\/13\/revisions"}],"predecessor-version":[{"id":124,"href":"https:\/\/cube.ba\/index.php\/wp-json\/wp\/v2\/pages\/13\/revisions\/124"}],"wp:attachment":[{"href":"https:\/\/cube.ba\/index.php\/wp-json\/wp\/v2\/media?parent=13"}],"curies":[{"name":"wp","href":"https:\/\/api.w.org\/{rel}","templated":true}]}}